{"id":94,"date":"2015-02-27T22:38:08","date_gmt":"2015-02-27T22:38:08","guid":{"rendered":"http:\/\/christophedubois.fr\/WordPress\/?page_id=94"},"modified":"2015-11-15T15:05:09","modified_gmt":"2015-11-15T15:05:09","slug":"ballades-dans-les-flandres","status":"publish","type":"page","link":"https:\/\/gitelabellevue.fr\/?page_id=94","title":{"rendered":"Ballades dans l&rsquo;Artois et les Flandres"},"content":{"rendered":"<p style=\"text-align: left;\"><span style=\"font-family: helvetica, arial, sans-serif;\">\u00a0Du g\u00eete La Belle Vue vous pourrez d\u00e9couvrir les capitales des Flandres sur une journ\u00e9e : Cassel (40 minutes) puis Lille (30 minutes de Cassel). \u00a0Au Mont Cassel , vous trouverez des tables d&rsquo;orientations et\u00a0de\u00a0tr\u00e8s belle vues sur le plat pays, ainsi que les premiers estaminets. \u00c0\u00a0Lille, \u00a0La place Charles de Gaulle est bien s\u00fbr le lieu incontournable, de l\u00e0 vous pourrez visiter le vieux Lille puis les rue\u00a0commer\u00e7ante jusque la place de la r\u00e9publique. Le march\u00e9 de Wazemmes, l&rsquo;un des plus grand march\u00e9 de France, il est a d\u00e9couvrir\u00a0si vous vous rendez \u00e0 Lille un\u00a0mardi, jeudi et ou dimanche de matin.<\/span><\/p>\n<p style=\"text-align: left;\"><span style=\"font-family: helvetica, arial, sans-serif;\">C\u00f4t\u00e9 Artois,\u00a0<\/span><\/p>\n<p style=\"text-align: left;\">\n<p><strong><code>[wowslider id=\"9\"]<\/code><\/strong><br \/>\n<a href=\"http:\/\/christophedubois.fr\/WordPress\/wp-content\/uploads\/2015\/02\/cartesflandres.jpg\"><img loading=\"lazy\" decoding=\"async\" class=\"size-full wp-image-95 aligncenter\" src=\"http:\/\/christophedubois.fr\/WordPress\/wp-content\/uploads\/2015\/02\/cartesflandres.jpg\" alt=\"cartesflandres\" width=\"960\" height=\"720\" \/><\/a><\/p>\n<p>&nbsp;<\/p>\n<p><script>\/\/ <![CDATA[\n(function(i,s,o,g,r,a,m){i['GoogleAnalyticsObject']=r;i[r]=i[r]||function(){ (i[r].q=i[r].q||[]).push(arguments)},i[r].l=1*new Date();a=s.createElement(o), m=s.getElementsByTagName(o)[0];a.async=1;a.src=g;m.parentNode.insertBefore(a,m) })(window,document,'script','\/\/www.google-analytics.com\/analytics.js','ga'); ga('create', 'UA-67531472-1', 'auto'); ga('send', 'pageview');\n\/\/ ]]><\/script><\/p>\n","protected":false},"excerpt":{"rendered":"<p>\u00a0Du g\u00eete La Belle Vue vous pourrez d\u00e9couvrir les capitales des Flandres sur une journ\u00e9e : Cassel (40 minutes) puis Lille (30 minutes de Cassel). \u00a0Au Mont Cassel , vous trouverez des tables d&rsquo;orientations et\u00a0de\u00a0tr\u00e8s belle vues sur le plat pays, ainsi que les premiers estaminets. \u00c0\u00a0Lille, \u00a0La place Charles de Gaulle est bien s\u00fbr [&hellip;]<\/p>\n","protected":false},"author":1,"featured_media":0,"parent":0,"menu_order":0,"comment_status":"open","ping_status":"open","template":"","meta":{"footnotes":""},"class_list":["post-94","page","type-page","status-publish","hentry","entry"],"_links":{"self":[{"href":"https:\/\/gitelabellevue.fr\/index.php?rest_route=\/wp\/v2\/pages\/94","targetHints":{"allow":["GET"]}}],"collection":[{"href":"https:\/\/gitelabellevue.fr\/index.php?rest_route=\/wp\/v2\/pages"}],"about":[{"href":"https:\/\/gitelabellevue.fr\/index.php?rest_route=\/wp\/v2\/types\/page"}],"author":[{"embeddable":true,"href":"https:\/\/gitelabellevue.fr\/index.php?rest_route=\/wp\/v2\/users\/1"}],"replies":[{"embeddable":true,"href":"https:\/\/gitelabellevue.fr\/index.php?rest_route=%2Fwp%2Fv2%2Fcomments&post=94"}],"version-history":[{"count":8,"href":"https:\/\/gitelabellevue.fr\/index.php?rest_route=\/wp\/v2\/pages\/94\/revisions"}],"predecessor-version":[{"id":470,"href":"https:\/\/gitelabellevue.fr\/index.php?rest_route=\/wp\/v2\/pages\/94\/revisions\/470"}],"wp:attachment":[{"href":"https:\/\/gitelabellevue.fr\/index.php?rest_route=%2Fwp%2Fv2%2Fmedia&parent=94"}],"curies":[{"name":"wp","href":"https:\/\/api.w.org\/{rel}","templated":true}]}}