{"id":91,"date":"2015-02-27T22:36:29","date_gmt":"2015-02-27T22:36:29","guid":{"rendered":"http:\/\/christophedubois.fr\/WordPress\/?page_id=91"},"modified":"2015-11-14T17:23:22","modified_gmt":"2015-11-14T17:23:22","slug":"ballades-sur-la-cote-dopale","status":"publish","type":"page","link":"https:\/\/gitelabellevue.fr\/?page_id=91","title":{"rendered":"Ballades sur La c\u00f4te d&rsquo;opale"},"content":{"rendered":"<p style=\"text-align: left;\"><span style=\"font-family: helvetica, arial, sans-serif;\">La C\u00f4te d&rsquo;Opale seulement \u00e0\u00a0environ une demie heure du g\u00eete La belle Vue. Pour quelques heures, et sans organisation particuli\u00e8re, profiter des joies de nos grandes\u00a0plages, qui permettent la pratiques de multiples activit\u00e9s : p\u00e9tanque, cerf-volant&#8230; et pour les plus t\u00e9m\u00e9raires, chars \u00e0 voile et kite-surf.<\/span><\/p>\n<p style=\"text-align: left;\"><span style=\"font-family: helvetica, arial, sans-serif;\">Pour les s\u00e9jours courts, une journ\u00e9e suffit pour voir l&rsquo;essentiel de la C\u00f4te d&rsquo;Opale :<\/span><\/p>\n<p style=\"text-align: left;\"><span style=\"font-family: helvetica, arial, sans-serif;\">Commencer par se rendre \u00e0 Boulogne-sur-Mer (30 minutes) et visiter la vielle ville avec les remparts, ensuite descendre au port de p\u00eache (acheter quelques poissons directement aux p\u00eacheurs pour le barbecue du soir!) et\u00a0reprendre la route direction Calais par la D940.\u00a0<\/span><\/p>\n<p style=\"text-align: left;\"><span style=\"font-family: helvetica, arial, sans-serif;\">Vous passerez devant\u00a0\u00a0<a href=\"http:\/\/www.nausicaa.fr\/\" target=\"_blank\">Nausicaa<\/a> (aquariums g\u00e9ants et\u00a0plus grand complexe europ\u00e9en d\u00e9di\u00e9 \u00e0 la connaissance de l\u2019univers marin\u00a0:\u00a0parfait pour les jours nuageux),\u00a0puis\u00a0profitez des superbes panoramas dont vous allez profiter tout au long de cette route. Vous pouvez faire une pause \u00e0 Ambleteuse et sa plage de rochers, vous\u00a0y\u00a0trouverez \u00e9galement de sympathiques\u00a0petits\u00a0restaurants. <\/span><\/p>\n<p style=\"text-align: left;\"><span style=\"font-family: helvetica, arial, sans-serif;\">Pour dig\u00e9rer, rien de tel que\u00a0la\u00a0marche. \u00a0Commencez pour\u00a0l&rsquo;\u00e9chauffement par le caps gris nez, et son parcours am\u00e9nag\u00e9 tout public. Un petit dessert? Vous le trouverez \u00e0 Wissant, station baln\u00e9aire log\u00e9e entre les 2 Caps. Enfin, \u00e0 Escalles, dans le premier virage, prendre \u00e0 droite, \u00a0\u00ab\u00a0rue de la mer\u00a0\u00bb. Au bout de cette route vous trouverez un parking. \u00c0 pieds, vous aurez alors deux possibilit\u00e9s\u00a0:\u00a0descendre sur la plage (au pied des falaises),\u00a0ou monter au sommet du cap. \u00a0Vous h\u00e9sitez entre descendre ou monter? Commencez alors par descendre\u00a0, puis reprenez la voiture, vous trouverez un parking en haut de la falaise\u00a0la plus septentrionale de France.<\/span><\/p>\n<p style=\"text-align: left;\"><span style=\"font-family: helvetica, arial, sans-serif;\"> Apr\u00e8s ce bol d&rsquo;air, si vous avez besoin de quelque chose, vous le trouverez \u00e0 \u00ab\u00a0Cit\u00e9 Europe\u00a0\u00bb, un des plus grands centres commerciaux de la r\u00e9gion. Par l\u2019autoroute vous n&rsquo;\u00eates plus qu&rsquo;\u00e0 une trentaine de minutes\u00a0du G\u00eete La Belle Vue.\u00a0<\/span><\/p>\n<p style=\"text-align: left;\"><span style=\"font-family: helvetica, arial, sans-serif;\">Pour les s\u00e9jour d&rsquo;une semaine ou plus,\u00a0bien d&rsquo;autres excursions \u00e0 la journ\u00e9e sont possibles.<\/span><\/p>\n<p style=\"text-align: left;\"><span style=\"font-family: helvetica, arial, sans-serif;\">Vous pouvez par exemple opter pour une journ\u00e9e au Touquet au parc aquatique<a href=\"http:\/\/www.aqualud.com\/#id=aqualud&amp;num=0\" target=\"_blank\"> \u00ab\u00a0aqualud\u00a0\u00bb<\/a>, ou partir \u00e0 \u00a0la d\u00e9couverte de\u00a0la fronti\u00e8re de notre r\u00e9gion : Du c\u00f4t\u00e9 Manche\u00a0:\u00a0la Baie de Somme (la ville du Crotoy et la <a href=\"http:\/\/www.baiedesomme.fr\/lieu\/1-14-parc-du-marquenterre\">parc du marquenterre<\/a>). Du c\u00f4t\u00e9 Mer du nord\u00a0:\u00a0la C\u00f4te Belge (la ville de la Panne). Tous les deux sont \u00e0 environ une heure heure de route du g\u00eete La Belle Vue. \u00a0<\/span><\/p>\n<p style=\"text-align: left;\"><span style=\"font-family: helvetica, arial, sans-serif;\">La visite de Londres est \u00e9galement envisageable sur une journ\u00e9e <a href=\"http:\/\/Eurotunnel Le Shuttle \u2013 le train pour Londres\" target=\"_blank\">en train par le shuttle\u00a0<\/a><\/span><\/p>\n<p style=\"text-align: left;\"><span style=\"font-family: helvetica, arial, sans-serif;\">Enfin, il y a des \u00e9v\u00e9nements a ne pas manquer comme le carnaval de Dunkerque ou le festival international de cerfs volants de Berck sur Mer.<\/span><\/p>\n<p style=\"text-align: justify;\"><span style=\"font-family: helvetica, arial, sans-serif;\"><strong><code>[wowslider id=\"20\"]<\/code><\/strong><\/span><br \/>\n<a href=\"http:\/\/christophedubois.fr\/WordPress\/wp-content\/uploads\/2015\/11\/ballade-cote-general.png\"><img loading=\"lazy\" decoding=\"async\" class=\"alignnone size-full wp-image-397\" src=\"http:\/\/christophedubois.fr\/WordPress\/wp-content\/uploads\/2015\/11\/ballade-cote-general.png\" alt=\"ballade cote general\" width=\"1203\" height=\"905\" \/><\/a><\/p>\n<p><script>\/\/ <![CDATA[\n(function(i,s,o,g,r,a,m){i['GoogleAnalyticsObject']=r;i[r]=i[r]||function(){ (i[r].q=i[r].q||[]).push(arguments)},i[r].l=1*new Date();a=s.createElement(o), m=s.getElementsByTagName(o)[0];a.async=1;a.src=g;m.parentNode.insertBefore(a,m) })(window,document,'script','\/\/www.google-analytics.com\/analytics.js','ga'); ga('create', 'UA-67531472-1', 'auto'); ga('send', 'pageview');\n\/\/ ]]><\/script><\/p>\n","protected":false},"excerpt":{"rendered":"<p>La C\u00f4te d&rsquo;Opale seulement \u00e0\u00a0environ une demie heure du g\u00eete La belle Vue. Pour quelques heures, et sans organisation particuli\u00e8re, profiter des joies de nos grandes\u00a0plages, qui permettent la pratiques de multiples activit\u00e9s : p\u00e9tanque, cerf-volant&#8230; et pour les plus t\u00e9m\u00e9raires, chars \u00e0 voile et kite-surf. Pour les s\u00e9jours courts, une journ\u00e9e suffit pour voir [&hellip;]<\/p>\n","protected":false},"author":1,"featured_media":0,"parent":0,"menu_order":0,"comment_status":"closed","ping_status":"closed","template":"","meta":{"footnotes":""},"class_list":["post-91","page","type-page","status-publish","hentry","entry"],"_links":{"self":[{"href":"https:\/\/gitelabellevue.fr\/index.php?rest_route=\/wp\/v2\/pages\/91","targetHints":{"allow":["GET"]}}],"collection":[{"href":"https:\/\/gitelabellevue.fr\/index.php?rest_route=\/wp\/v2\/pages"}],"about":[{"href":"https:\/\/gitelabellevue.fr\/index.php?rest_route=\/wp\/v2\/types\/page"}],"author":[{"embeddable":true,"href":"https:\/\/gitelabellevue.fr\/index.php?rest_route=\/wp\/v2\/users\/1"}],"replies":[{"embeddable":true,"href":"https:\/\/gitelabellevue.fr\/index.php?rest_route=%2Fwp%2Fv2%2Fcomments&post=91"}],"version-history":[{"count":20,"href":"https:\/\/gitelabellevue.fr\/index.php?rest_route=\/wp\/v2\/pages\/91\/revisions"}],"predecessor-version":[{"id":466,"href":"https:\/\/gitelabellevue.fr\/index.php?rest_route=\/wp\/v2\/pages\/91\/revisions\/466"}],"wp:attachment":[{"href":"https:\/\/gitelabellevue.fr\/index.php?rest_route=%2Fwp%2Fv2%2Fmedia&parent=91"}],"curies":[{"name":"wp","href":"https:\/\/api.w.org\/{rel}","templated":true}]}}