{"id":492,"date":"2016-01-13T20:59:44","date_gmt":"2016-01-13T20:59:44","guid":{"rendered":"http:\/\/gitelabellevue.fr\/?page_id=492"},"modified":"2016-01-13T20:59:44","modified_gmt":"2016-01-13T20:59:44","slug":"mentions-legales","status":"publish","type":"page","link":"https:\/\/gitelabellevue.fr\/?page_id=492","title":{"rendered":"Mentions l\u00e9gales"},"content":{"rendered":"<p style=\"text-align: center;\"><strong><span class=\"gras\">Informations mises \u00e0 disposition<\/span><\/strong><br \/>\nLe contenu mis \u00e0 disposition sur le pr\u00e9sent site est fourni \u00e0 titre informatif. L&rsquo;existence d&rsquo;un lien de notre site vers un autre site ne constitue pas une validation de ce site ou de son contenu. Il appartient \u00e0 l&rsquo;internaute d&rsquo;utiliser ces informations avec discernement et esprit critique. La responsabilit\u00e9 de l&rsquo;\u00e9diteur ne saurait \u00eatre engag\u00e9e quant aux informations, opinions et recommandations formul\u00e9es par ces tiers.<\/p>\n<p style=\"text-align: center;\"><strong><span class=\"gras\">Droits d&rsquo;auteur<\/span><\/strong><br \/>\nLe site doit \u00eatre consid\u00e9r\u00e9 comme un tout indissociable. Les informations y figurant sont r\u00e9serv\u00e9es \u00e0 un usage exclusivement personnel et ne peuvent \u00eatre en tout ou partie ni reproduites, ni communiqu\u00e9es. L&rsquo;ensemble des \u00e9l\u00e9ments constituant le pr\u00e9sent site (textes, messages, images, photos, graphismes, logos, marques, sons, vid\u00e9o, logiciels, plans, noms, cr\u00e9ations et oeuvres prot\u00e9geables diverses, bases de donn\u00e9es&#8230;) ainsi que le site lui-m\u00eame, rel\u00e8vent des l\u00e9gislations fran\u00e7aises et internationales sur le droit d&rsquo;auteur et la propri\u00e9t\u00e9 intellectuelle. Ces \u00e9l\u00e9ments sont la propri\u00e9t\u00e9 exclusive de\u00a0leurs auteurs. Toute reproduction, repr\u00e9sentation ou diffusion, \u00e0 des fins autres que personnelles, de tout ou partie du contenu de ce site sur quel que support ou par tout proc\u00e9d\u00e9 que ce soit est interdite. Le non-respect de cette interdiction constitue une contrefa\u00e7on susceptible d&rsquo;engager la responsabilit\u00e9 civile et p\u00e9nale du contrefacteur.<\/p>\n<p style=\"text-align: center;\"><strong><span class=\"gras\">Donn\u00e9es \u00e0 caract\u00e8re personnel<\/span><\/strong><br \/>\nConform\u00e9ment \u00e0 la loi \u00ab\u00a0Informatique et Libert\u00e9\u00a0\u00bb n\u00b0 78-17 du 6 janvier 1978 relative \u00e0 l&rsquo;informatique, aux fichiers et aux libert\u00e9s, vous disposez d&rsquo;un droit d&rsquo;acc\u00e8s et de rectification sur les donn\u00e9es nominatives que vous laissez sur ce site. Pour exercer ces droits, envoyer un e-mail \u00e0 gite.labellevue.62@gmail.com. En outre, nous nous engageons \u00e0 prendre toutes les pr\u00e9cautions n\u00e9cessaires afin de pr\u00e9server la s\u00e9curit\u00e9 de ces informations et notamment emp\u00eacher qu&rsquo;elles ne soient d\u00e9form\u00e9es, endommag\u00e9es ou communiqu\u00e9es \u00e0 des tiers, personne physique ou morale.<\/p>\n<div class=\"separateur\" style=\"text-align: center;\">\u00a0<strong>Propri\u00e9t\u00e9 du Site<\/strong><\/div>\n<p style=\"text-align: center;\">M et Mme\u00a0\u00a0Dubois<\/p>\n<p style=\"text-align: center;\">Hameau de Wilbedingues<\/p>\n<p style=\"text-align: center;\">62380 Wavrans sur l&rsquo;Aa<\/p>\n<p style=\"text-align: center;\"><strong>H\u00e9bergement et conception du site Internet<\/strong><\/p>\n<p style=\"text-align: center;\">Ce site internet a \u00e9t\u00e9 r\u00e9alis\u00e9 par\u00a0Christophe Dubois<\/p>\n<p style=\"text-align: center;\">toph62380@gmail.com<\/p>\n<p style=\"text-align: center;\">H\u00e9bergeur\u00a0\u00a0du site :\u00a0\u00a0OVH\u00a0\u00a0SAS au capital de 10\u00a0059\u00a0500\u00a0\u20ac<br \/>\nRCS Lille M\u00e9tropole 424 761 419 00045<br \/>\nCode APE 6202A<br \/>\nN\u00b0 TVA : FR 22 424 761 419<br \/>\nSi\u00e8ge social : 2 rue Kellermann &#8211; 59100 Roubaix &#8211; France.<\/p>\n<p class=\"display_seb\" style=\"text-align: center;\">\n<p class=\"display_seb\" style=\"text-align: center;\"><strong><span id=\"cookies_mentions\" class=\"gras\">Cookies<\/span><\/strong><br \/>\nNous vous informons que, lors de la consultation de ce site internet, les informations relatives \u00e0 votre navigation (sur le site web et mobile) sont susceptibles d\u2019\u00eatre enregistr\u00e9s dans des fichiers \u2013 dits \u00ab\u00a0cookies\u00a0\u00bb \u2013 install\u00e9s sur votre ordinateur, sous r\u00e9serve des choix que vous auriez exprim\u00e9s et que vous pouvez modifier \u00e0 tout moment.<\/p>\n","protected":false},"excerpt":{"rendered":"<p>Informations mises \u00e0 disposition Le contenu mis \u00e0 disposition sur le pr\u00e9sent site est fourni \u00e0 titre informatif. L&rsquo;existence d&rsquo;un lien de notre site vers un autre site ne constitue pas une validation de ce site ou de son contenu. Il appartient \u00e0 l&rsquo;internaute d&rsquo;utiliser ces informations avec discernement et esprit critique. La responsabilit\u00e9 de [&hellip;]<\/p>\n","protected":false},"author":3,"featured_media":0,"parent":0,"menu_order":0,"comment_status":"closed","ping_status":"closed","template":"","meta":{"footnotes":""},"class_list":["post-492","page","type-page","status-publish","hentry","entry"],"_links":{"self":[{"href":"https:\/\/gitelabellevue.fr\/index.php?rest_route=\/wp\/v2\/pages\/492","targetHints":{"allow":["GET"]}}],"collection":[{"href":"https:\/\/gitelabellevue.fr\/index.php?rest_route=\/wp\/v2\/pages"}],"about":[{"href":"https:\/\/gitelabellevue.fr\/index.php?rest_route=\/wp\/v2\/types\/page"}],"author":[{"embeddable":true,"href":"https:\/\/gitelabellevue.fr\/index.php?rest_route=\/wp\/v2\/users\/3"}],"replies":[{"embeddable":true,"href":"https:\/\/gitelabellevue.fr\/index.php?rest_route=%2Fwp%2Fv2%2Fcomments&post=492"}],"version-history":[{"count":1,"href":"https:\/\/gitelabellevue.fr\/index.php?rest_route=\/wp\/v2\/pages\/492\/revisions"}],"predecessor-version":[{"id":493,"href":"https:\/\/gitelabellevue.fr\/index.php?rest_route=\/wp\/v2\/pages\/492\/revisions\/493"}],"wp:attachment":[{"href":"https:\/\/gitelabellevue.fr\/index.php?rest_route=%2Fwp%2Fv2%2Fmedia&parent=492"}],"curies":[{"name":"wp","href":"https:\/\/api.w.org\/{rel}","templated":true}]}}