{"id":421,"date":"2015-11-08T16:05:09","date_gmt":"2015-11-08T16:05:09","guid":{"rendered":"http:\/\/gitelabellevue.fr\/?page_id=421"},"modified":"2015-11-08T16:30:49","modified_gmt":"2015-11-08T16:30:49","slug":"information-pratiques","status":"publish","type":"page","link":"https:\/\/gitelabellevue.fr\/?page_id=421","title":{"rendered":"Informations pratiques : services et commerces"},"content":{"rendered":"<h2 style=\"text-align: center;\"><span style=\"font-family: tahoma, arial, helvetica, sans-serif;\">Les commerces de proximit\u00e9<\/span><\/h2>\n<p><strong>Eve Charcuterie Traiteur \/ d\u00e9p\u00f4t de pain :<\/strong>\u00a05 r Eglise, 62380 WAVRANS SUR L&rsquo;AA<\/p>\n<p><strong>Sup\u00e9rette\u00a0de la vall\u00e9e<\/strong> : D192 remilly wirquin<br \/>\nLes horaires : du mardi au samedi de 8 h 30 \u00e0 12 h 30 et de 14 h 30 \u00e0 19 h 30, le dimanche de 9 h \u00e0 12 h 30.<\/p>\n<p><strong>Boulangerie Patisserie : Au P&rsquo;tit Creux :<\/strong> 27 chauss Brunehaut, 62380 OUVE WIRQUIN<\/p>\n<p><strong>Caf\u00e9 Tabac Le Relais<\/strong> 1 rue de l&rsquo;\u00e9glise Wavrans sur l&rsquo;Aa<\/p>\n<h2 style=\"text-align: center;\"><span style=\"font-family: tahoma, arial, helvetica, sans-serif;\">Lumbres (A moins de 10 minutes) Pour tout le reste&#8230;<\/span><\/h2>\n<p><strong>Cabinet m\u00e9dical<\/strong> :\u00a0 10 Rue Francois Cousin \u00e0 <em>Lumbres<\/em><\/p>\n<p><strong>Pharmacies :<\/strong>\u00a0Place Jean Jaur\u00e8s, 62380 Lumbres<\/p>\n<p><strong>Banques :<\/strong>\u00a0Place Jean Jaur\u00e8s, 62380 Lumbres<\/p>\n<p><strong>Grandes surfaces\u00a0, DRive et stations service :<\/strong><\/p>\n<p>SuperU :\u00a0Route d&rsquo;Acquin, 62380 Lumbres<\/p>\n<p>Leclerc :\u00a0Route d&rsquo;Acquin, 62380 Lumbres<\/p>\n<p>Drive \u00a0leclerc :\u00a0Rue du Hongrie Porte du Littoral, 62500 Leulinghem<\/p>\n<p>&nbsp;<\/p>\n","protected":false},"excerpt":{"rendered":"<p>Les commerces de proximit\u00e9 Eve Charcuterie Traiteur \/ d\u00e9p\u00f4t de pain :\u00a05 r Eglise, 62380 WAVRANS SUR L&rsquo;AA Sup\u00e9rette\u00a0de la vall\u00e9e : D192 remilly wirquin Les horaires : du mardi au samedi de 8 h 30 \u00e0 12 h 30 et de 14 h 30 \u00e0 19 h 30, le dimanche de 9 h \u00e0 [&hellip;]<\/p>\n","protected":false},"author":1,"featured_media":0,"parent":0,"menu_order":0,"comment_status":"closed","ping_status":"closed","template":"","meta":{"footnotes":""},"class_list":["post-421","page","type-page","status-publish","hentry","entry"],"_links":{"self":[{"href":"https:\/\/gitelabellevue.fr\/index.php?rest_route=\/wp\/v2\/pages\/421","targetHints":{"allow":["GET"]}}],"collection":[{"href":"https:\/\/gitelabellevue.fr\/index.php?rest_route=\/wp\/v2\/pages"}],"about":[{"href":"https:\/\/gitelabellevue.fr\/index.php?rest_route=\/wp\/v2\/types\/page"}],"author":[{"embeddable":true,"href":"https:\/\/gitelabellevue.fr\/index.php?rest_route=\/wp\/v2\/users\/1"}],"replies":[{"embeddable":true,"href":"https:\/\/gitelabellevue.fr\/index.php?rest_route=%2Fwp%2Fv2%2Fcomments&post=421"}],"version-history":[{"count":9,"href":"https:\/\/gitelabellevue.fr\/index.php?rest_route=\/wp\/v2\/pages\/421\/revisions"}],"predecessor-version":[{"id":472,"href":"https:\/\/gitelabellevue.fr\/index.php?rest_route=\/wp\/v2\/pages\/421\/revisions\/472"}],"wp:attachment":[{"href":"https:\/\/gitelabellevue.fr\/index.php?rest_route=%2Fwp%2Fv2%2Fmedia&parent=421"}],"curies":[{"name":"wp","href":"https:\/\/api.w.org\/{rel}","templated":true}]}}