{"id":353,"date":"2015-10-04T19:45:09","date_gmt":"2015-10-04T19:45:09","guid":{"rendered":"http:\/\/gitelabellevue.fr\/?page_id=353"},"modified":"2015-10-04T19:47:33","modified_gmt":"2015-10-04T19:47:33","slug":"vos-questions-2","status":"publish","type":"page","link":"https:\/\/gitelabellevue.fr\/?page_id=353","title":{"rendered":"Vos questions"},"content":{"rendered":"\n<div class=\"wpcf7 no-js\" id=\"wpcf7-f352-o1\" lang=\"fr-FR\" dir=\"ltr\" data-wpcf7-id=\"352\">\n<div class=\"screen-reader-response\"><p role=\"status\" aria-live=\"polite\" aria-atomic=\"true\"><\/p> <ul><\/ul><\/div>\n<form action=\"\/index.php?rest_route=%2Fwp%2Fv2%2Fpages%2F353#wpcf7-f352-o1\" method=\"post\" class=\"wpcf7-form init\" aria-label=\"Formulaire de contact\" novalidate=\"novalidate\" data-status=\"init\">\n<fieldset class=\"hidden-fields-container\"><input type=\"hidden\" name=\"_wpcf7\" value=\"352\" \/><input type=\"hidden\" name=\"_wpcf7_version\" value=\"6.1.2\" \/><input type=\"hidden\" name=\"_wpcf7_locale\" value=\"fr_FR\" \/><input type=\"hidden\" name=\"_wpcf7_unit_tag\" value=\"wpcf7-f352-o1\" \/><input type=\"hidden\" name=\"_wpcf7_container_post\" value=\"0\" \/><input type=\"hidden\" name=\"_wpcf7_posted_data_hash\" value=\"\" \/><input type=\"hidden\" name=\"_wpcf7_recaptcha_response\" value=\"\" \/>\n<\/fieldset>\n<p>Votre nom (obligatoire)\n<\/p>\n<p><span class=\"wpcf7-form-control-wrap\" data-name=\"your-name\"><input size=\"40\" maxlength=\"400\" class=\"wpcf7-form-control wpcf7-text wpcf7-validates-as-required\" aria-required=\"true\" aria-invalid=\"false\" value=\"\" type=\"text\" name=\"your-name\" \/><\/span>\n<\/p>\n<p>Votre pr\u00e8nom (obligatoire)\n<\/p>\n<p><span class=\"wpcf7-form-control-wrap\" data-name=\"text-881\"><input size=\"40\" maxlength=\"400\" class=\"wpcf7-form-control wpcf7-text wpcf7-validates-as-required\" id=\"preno\" aria-required=\"true\" aria-invalid=\"false\" value=\"\" type=\"text\" name=\"text-881\" \/><\/span>\n<\/p>\n<p>Vos questions (obligatoire)\n<\/p>\n<p><span class=\"wpcf7-form-control-wrap\" data-name=\"textarea-545\"><textarea cols=\"40\" rows=\"10\" maxlength=\"2000\" class=\"wpcf7-form-control wpcf7-textarea\" id=\"questions\" aria-invalid=\"false\" name=\"textarea-545\"><\/textarea><\/span>\n<\/p>\n<p>Renseigner le moyen par lequel vous voulez avoir votre r\u00e9ponse :\n<\/p>\n<p>par courriel<br \/>\n<span class=\"wpcf7-form-control-wrap\" data-name=\"email-300\"><input size=\"40\" maxlength=\"400\" class=\"wpcf7-form-control wpcf7-email wpcf7-text wpcf7-validates-as-email\" id=\"mail\" aria-invalid=\"false\" value=\"\" type=\"email\" name=\"email-300\" \/><\/span>\n<\/p>\n<p>par SMS<br \/>\n<span class=\"wpcf7-form-control-wrap\" data-name=\"tel-105\"><input size=\"40\" maxlength=\"400\" class=\"wpcf7-form-control wpcf7-tel wpcf7-text wpcf7-validates-as-tel\" id=\"tel\" aria-invalid=\"false\" value=\"\" type=\"tel\" name=\"tel-105\" \/><\/span>\n<\/p>\n<p>autre moyen<br \/>\n<span class=\"wpcf7-form-control-wrap\" data-name=\"text-311\"><input size=\"40\" maxlength=\"400\" class=\"wpcf7-form-control wpcf7-text\" id=\"autremoy\" aria-invalid=\"false\" value=\"\" type=\"text\" name=\"text-311\" \/><\/span>\n<\/p>\n<p>Pour la s\u00e9curit\u00e9 de notre site nous vous invitons a cocher la case ci-dessous et a r\u00e9pondre \u00e0 la question qui vous sera pos\u00e9e.\n<\/p>\n\n<p>Merci! vous pouvez maintenant nous transmettre votre demande en cliquant sur le bouton \"envoyer\" ci-dessous :\n<\/p>\n<p><input class=\"wpcf7-form-control wpcf7-submit has-spinner\" type=\"submit\" value=\"Envoyer\" \/>\n<\/p><div class=\"wpcf7-response-output\" aria-hidden=\"true\"><\/div>\n<\/form>\n<\/div>\n\n","protected":false},"excerpt":{"rendered":"","protected":false},"author":1,"featured_media":0,"parent":0,"menu_order":0,"comment_status":"closed","ping_status":"closed","template":"","meta":{"footnotes":""},"class_list":["post-353","page","type-page","status-publish","hentry","entry"],"_links":{"self":[{"href":"https:\/\/gitelabellevue.fr\/index.php?rest_route=\/wp\/v2\/pages\/353","targetHints":{"allow":["GET"]}}],"collection":[{"href":"https:\/\/gitelabellevue.fr\/index.php?rest_route=\/wp\/v2\/pages"}],"about":[{"href":"https:\/\/gitelabellevue.fr\/index.php?rest_route=\/wp\/v2\/types\/page"}],"author":[{"embeddable":true,"href":"https:\/\/gitelabellevue.fr\/index.php?rest_route=\/wp\/v2\/users\/1"}],"replies":[{"embeddable":true,"href":"https:\/\/gitelabellevue.fr\/index.php?rest_route=%2Fwp%2Fv2%2Fcomments&post=353"}],"version-history":[{"count":2,"href":"https:\/\/gitelabellevue.fr\/index.php?rest_route=\/wp\/v2\/pages\/353\/revisions"}],"predecessor-version":[{"id":355,"href":"https:\/\/gitelabellevue.fr\/index.php?rest_route=\/wp\/v2\/pages\/353\/revisions\/355"}],"wp:attachment":[{"href":"https:\/\/gitelabellevue.fr\/index.php?rest_route=%2Fwp%2Fv2%2Fmedia&parent=353"}],"curies":[{"name":"wp","href":"https:\/\/api.w.org\/{rel}","templated":true}]}}