{"id":277,"date":"2015-09-13T19:25:14","date_gmt":"2015-09-13T19:25:14","guid":{"rendered":"http:\/\/gitelabellevue.fr\/?page_id=277"},"modified":"2015-11-08T16:25:25","modified_gmt":"2015-11-08T16:25:25","slug":"presentation-du-gite-2","status":"publish","type":"page","link":"https:\/\/gitelabellevue.fr\/?page_id=277","title":{"rendered":"Pr\u00e9sentation"},"content":{"rendered":"<h2 style=\"text-align: center;\">Cliquez sur un des liens ci-dessous :<\/h2>\n<p>&nbsp;<\/p>\n<h2 style=\"text-align: center;\"><a href=\"http:\/\/gitelabellevue.fr\/?page_id=16\">Description et capacit\u00e9 du G\u00eete<\/a><\/h2>\n<p>&nbsp;<\/p>\n<h2 style=\"text-align: center;\"><a href=\"http:\/\/gitelabellevue.fr\/?page_id=243\">Visite Virtuelle du G\u00eete<\/a><\/h2>\n<p>&nbsp;<\/p>\n<h2 style=\"text-align: center;\"><a href=\"http:\/\/gitelabellevue.fr\/?page_id=341\">Plan du G\u00eete<\/a><\/h2>\n<p>&nbsp;<\/p>\n<h2 style=\"text-align: center;\"><a href=\"http:\/\/gitelabellevue.fr\/?page_id=228\">L&rsquo;int\u00e9rieur du G\u00eete<\/a><\/h2>\n<p>&nbsp;<\/p>\n<h2 style=\"text-align: center;\"><a href=\"http:\/\/gitelabellevue.fr\/?page_id=231\">L&rsquo;ext\u00e9rieur du G\u00eete<\/a><\/h2>\n<h2 style=\"text-align: center;\"><\/h2>\n<h2 style=\"text-align: center;\"><a href=\"http:\/\/gitelabellevue.fr\/?page_id=421\">Informations pratiques : services et commerces<\/a><\/h2>\n<p>&nbsp;<\/p>\n<h2 style=\"text-align: center;\"><a href=\"http:\/\/gitelabellevue.fr\/?page_id=38\">Plan d&rsquo;acc\u00e8s<\/a><\/h2>\n<p>&nbsp;<\/p>\n<p>&nbsp;<\/p>\n<p>&nbsp;<\/p>\n<p>&nbsp;<\/p>\n","protected":false},"excerpt":{"rendered":"<p>Cliquez sur un des liens ci-dessous : &nbsp; Description et capacit\u00e9 du G\u00eete &nbsp; Visite Virtuelle du G\u00eete &nbsp; Plan du G\u00eete &nbsp; L&rsquo;int\u00e9rieur du G\u00eete &nbsp; L&rsquo;ext\u00e9rieur du G\u00eete Informations pratiques : services et commerces &nbsp; Plan d&rsquo;acc\u00e8s &nbsp; &nbsp; &nbsp; &nbsp;<\/p>\n","protected":false},"author":1,"featured_media":0,"parent":0,"menu_order":0,"comment_status":"closed","ping_status":"closed","template":"","meta":{"footnotes":""},"class_list":["post-277","page","type-page","status-publish","hentry","entry"],"_links":{"self":[{"href":"https:\/\/gitelabellevue.fr\/index.php?rest_route=\/wp\/v2\/pages\/277","targetHints":{"allow":["GET"]}}],"collection":[{"href":"https:\/\/gitelabellevue.fr\/index.php?rest_route=\/wp\/v2\/pages"}],"about":[{"href":"https:\/\/gitelabellevue.fr\/index.php?rest_route=\/wp\/v2\/types\/page"}],"author":[{"embeddable":true,"href":"https:\/\/gitelabellevue.fr\/index.php?rest_route=\/wp\/v2\/users\/1"}],"replies":[{"embeddable":true,"href":"https:\/\/gitelabellevue.fr\/index.php?rest_route=%2Fwp%2Fv2%2Fcomments&post=277"}],"version-history":[{"count":9,"href":"https:\/\/gitelabellevue.fr\/index.php?rest_route=\/wp\/v2\/pages\/277\/revisions"}],"predecessor-version":[{"id":428,"href":"https:\/\/gitelabellevue.fr\/index.php?rest_route=\/wp\/v2\/pages\/277\/revisions\/428"}],"wp:attachment":[{"href":"https:\/\/gitelabellevue.fr\/index.php?rest_route=%2Fwp%2Fv2%2Fmedia&parent=277"}],"curies":[{"name":"wp","href":"https:\/\/api.w.org\/{rel}","templated":true}]}}