{"id":18,"date":"2015-02-27T09:55:29","date_gmt":"2015-02-27T09:55:29","guid":{"rendered":"http:\/\/christophedubois.fr\/WordPress\/?page_id=18"},"modified":"2015-11-08T15:45:34","modified_gmt":"2015-11-08T15:45:34","slug":"situation-geographique","status":"publish","type":"page","link":"https:\/\/gitelabellevue.fr\/?page_id=18","title":{"rendered":"D\u00e9couvrir la r\u00e9gion"},"content":{"rendered":"<h2 style=\"text-align: center;\">Cliquez sur un des liens ci-dessous :<\/h2>\n<h2 style=\"text-align: center;\"><\/h2>\n<h2 style=\"text-align: center;\"><a href=\"http:\/\/christophedubois.fr\/WordPress\/?page_id=153\">R\u00e9serve naturelle de Wavrans sur l&rsquo;Aa<\/a><\/h2>\n<h2 style=\"text-align: center;\"><a href=\"http:\/\/christophedubois.fr\/WordPress\/?page_id=153\"><img loading=\"lazy\" decoding=\"async\" class=\"alignnone wp-image-157\" src=\"http:\/\/christophedubois.fr\/WordPress\/wp-content\/uploads\/2015\/03\/mont-wavrans.jpg\" alt=\"mont-wavrans\" width=\"295\" height=\"221\" \/><\/a><\/h2>\n<h2 style=\"text-align: center;\"><a href=\"http:\/\/gitelabellevue.fr\/?page_id=406\">Wavrans sur l&rsquo;Aa : Station de Trail<\/a><\/h2>\n<h2 style=\"text-align: center;\"><a href=\"http:\/\/gitelabellevue.fr\/?page_id=406\"><img loading=\"lazy\" decoding=\"async\" class=\"alignnone  wp-image-419\" src=\"http:\/\/christophedubois.fr\/WordPress\/wp-content\/uploads\/2015\/11\/trail.jpg\" alt=\"trail\" width=\"315\" height=\"236\" \/><\/a><\/h2>\n<h2 style=\"text-align: center;\"><a href=\"http:\/\/christophedubois.fr\/WordPress\/?page_id=20\">Activit\u00e9s proches du g\u00eete<\/a><\/h2>\n<p style=\"text-align: center;\"><a href=\"http:\/\/christophedubois.fr\/WordPress\/?page_id=20\"><img loading=\"lazy\" decoding=\"async\" class=\"size-medium wp-image-67\" src=\"http:\/\/christophedubois.fr\/WordPress\/wp-content\/uploads\/2015\/02\/AudomaroisMarshes-Hero-300x128.jpg\" alt=\"AudomaroisMarshes-Hero\" width=\"300\" height=\"128\" srcset=\"https:\/\/christophedubois.fr\/WordPress\/wp-content\/uploads\/2015\/02\/AudomaroisMarshes-Hero-300x128.jpg 300w, https:\/\/christophedubois.fr\/WordPress\/wp-content\/uploads\/2015\/02\/AudomaroisMarshes-Hero.jpg 538w\" sizes=\"auto, (max-width: 300px) 100vw, 300px\" \/><\/a><\/p>\n<h2 style=\"text-align: center;\"><a href=\"http:\/\/christophedubois.fr\/WordPress\/?page_id=91\">Visite de la c\u00f4te d&rsquo;opale<\/a><\/h2>\n<p>&nbsp;<\/p>\n<p><a href=\"http:\/\/christophedubois.fr\/WordPress\/?page_id=91\"><img loading=\"lazy\" decoding=\"async\" class=\"wp-image-92 aligncenter\" src=\"http:\/\/christophedubois.fr\/WordPress\/wp-content\/uploads\/2015\/02\/activit\u00e9demi.jpg\" alt=\"activit\u00e9demi\" width=\"334\" height=\"250\" \/><\/a><\/p>\n<h2 style=\"text-align: center;\"><a href=\"http:\/\/christophedubois.fr\/WordPress\/?page_id=94\">Visite des Flandres<\/a><\/h2>\n<p><a href=\"http:\/\/christophedubois.fr\/WordPress\/?page_id=94\"><img loading=\"lazy\" decoding=\"async\" class=\"wp-image-95 aligncenter\" src=\"http:\/\/christophedubois.fr\/WordPress\/wp-content\/uploads\/2015\/02\/cartesflandres.jpg\" alt=\"cartesflandres\" width=\"323\" height=\"242\" \/><\/a><\/p>\n<h2 style=\"text-align: center;\"><\/h2>\n<h2 style=\"text-align: center;\"><a href=\"http:\/\/christophedubois.fr\/WordPress\/?page_id=38\">Plan d\u2019acc\u00e8s<\/a><\/h2>\n<p style=\"text-align: center;\"><a href=\"http:\/\/christophedubois.fr\/WordPress\/?page_id=38\"><img loading=\"lazy\" decoding=\"async\" class=\"size-medium wp-image-69 aligncenter\" src=\"http:\/\/christophedubois.fr\/WordPress\/wp-content\/uploads\/2015\/02\/miniautureplandacces-300x221.png\" alt=\"miniautureplandacces\" width=\"300\" height=\"221\" srcset=\"https:\/\/christophedubois.fr\/WordPress\/wp-content\/uploads\/2015\/02\/miniautureplandacces-300x221.png 300w, https:\/\/christophedubois.fr\/WordPress\/wp-content\/uploads\/2015\/02\/miniautureplandacces.png 462w\" sizes=\"auto, (max-width: 300px) 100vw, 300px\" \/><\/a><\/p>\n<p><script>\/\/ <![CDATA[\n(function(i,s,o,g,r,a,m){i['GoogleAnalyticsObject']=r;i[r]=i[r]||function(){ (i[r].q=i[r].q||[]).push(arguments)},i[r].l=1*new Date();a=s.createElement(o), m=s.getElementsByTagName(o)[0];a.async=1;a.src=g;m.parentNode.insertBefore(a,m) })(window,document,'script','\/\/www.google-analytics.com\/analytics.js','ga'); ga('create', 'UA-67531472-1', 'auto'); ga('send', 'pageview');\n\/\/ ]]><\/script><\/p>\n","protected":false},"excerpt":{"rendered":"<p>Cliquez sur un des liens ci-dessous : R\u00e9serve naturelle de Wavrans sur l&rsquo;Aa Wavrans sur l&rsquo;Aa : Station de Trail Activit\u00e9s proches du g\u00eete Visite de la c\u00f4te d&rsquo;opale &nbsp; Visite des Flandres Plan d\u2019acc\u00e8s<\/p>\n","protected":false},"author":1,"featured_media":0,"parent":0,"menu_order":0,"comment_status":"closed","ping_status":"closed","template":"","meta":{"footnotes":""},"class_list":["post-18","page","type-page","status-publish","hentry","entry"],"_links":{"self":[{"href":"https:\/\/gitelabellevue.fr\/index.php?rest_route=\/wp\/v2\/pages\/18","targetHints":{"allow":["GET"]}}],"collection":[{"href":"https:\/\/gitelabellevue.fr\/index.php?rest_route=\/wp\/v2\/pages"}],"about":[{"href":"https:\/\/gitelabellevue.fr\/index.php?rest_route=\/wp\/v2\/types\/page"}],"author":[{"embeddable":true,"href":"https:\/\/gitelabellevue.fr\/index.php?rest_route=\/wp\/v2\/users\/1"}],"replies":[{"embeddable":true,"href":"https:\/\/gitelabellevue.fr\/index.php?rest_route=%2Fwp%2Fv2%2Fcomments&post=18"}],"version-history":[{"count":20,"href":"https:\/\/gitelabellevue.fr\/index.php?rest_route=\/wp\/v2\/pages\/18\/revisions"}],"predecessor-version":[{"id":420,"href":"https:\/\/gitelabellevue.fr\/index.php?rest_route=\/wp\/v2\/pages\/18\/revisions\/420"}],"wp:attachment":[{"href":"https:\/\/gitelabellevue.fr\/index.php?rest_route=%2Fwp%2Fv2%2Fmedia&parent=18"}],"curies":[{"name":"wp","href":"https:\/\/api.w.org\/{rel}","templated":true}]}}