{"id":153,"date":"2015-03-04T18:43:36","date_gmt":"2015-03-04T18:43:36","guid":{"rendered":"http:\/\/gitelabellevue.fr\/?page_id=153"},"modified":"2015-11-08T15:39:45","modified_gmt":"2015-11-08T15:39:45","slug":"reserve-naturelle-des-coteaux-de-wavrans-sur-laa","status":"publish","type":"page","link":"https:\/\/gitelabellevue.fr\/?page_id=153","title":{"rendered":"R\u00e9serve Naturelle des Coteaux de Wavrans sur l&rsquo;Aa"},"content":{"rendered":"<h4>Au d\u00e9part du G\u00eete, vous pourrez d\u00e9couvrir la r\u00e9serve naturelle de Wavrans sur l&rsquo;Aa et ses sentiers de randonn\u00e9es dont un parcours tout public avec des\u00a0am\u00e9nagements pour les personnes \u00e0 mobilit\u00e9 r\u00e9duite et d\u00e9ficiente visuelle .<\/h4>\n<p>Le d\u00e9crets portant cr\u00e9ation de\u00a0la\u00a0r\u00e9serve naturelles nationale \u00ab la grotte et les pelouses d\u2019Acquin-Westb\u00e9court et les coteaux de Wavrans sur l\u2019Aa \u00bba \u00e9t\u00e9 publi\u00e9s au Journal Officiel du 7 mars 2008.<\/p>\n<p>[wowslider id=\u00a0\u00bb18&Prime;]<\/p>\n<p>Les pelouses de Wavrans sur l\u2019Aa pr\u00e9sentent toute la diversit\u00e9 des stades d\u2019\u00e9volution des pelouses calcicoles d\u2019int\u00e9r\u00eat communautaire. La diversit\u00e9 floristique est remarquable avec pr\u00e8s de 320 taxons identifi\u00e9s, 13 esp\u00e8ces y sont prot\u00e9g\u00e9es r\u00e9gionalement et 55 sont d\u2019un grand int\u00e9r\u00eat patrimonial. La richesse entomologique est exceptionnelle pour la r\u00e9gion avec la pr\u00e9sence notamment du Dectique verrucivore (Decticus verrucivorus) dont le site de Wavrans sur l\u2019Aa est l\u2019un des derniers sites o\u00f9 l\u2019esp\u00e8ce est pr\u00e9sente dans le Nord de la France et du St\u00e9nobothre nain (Stenobothrus stigmaticus) qui se rar\u00e9fie partout en Europe, du fait de la disparition de ses biotopes. La succession des coteaux calcaires permet le maintien des connexions entre les deux entit\u00e9s et pr\u00e9sente des couloirs privil\u00e9gi\u00e9s pour le d\u00e9placement de la faune et de la flore. Ces deux sites, pour des int\u00e9r\u00eats diff\u00e9rents, sont compl\u00e9mentaires et poss\u00e8dent des crit\u00e8res de qualit\u00e9 patrimoniale de niveau national et communautaire qui justifient largement leur classement en r\u00e9serve naturelle nationale.<\/p>\n<p><a href=\"http:\/\/www.developpement-durable.gouv.fr\/IMG\/pdf\/DGALN_nord.pdf\" target=\"_blank\">http:\/\/www.developpement-durable.gouv.fr\/IMG\/pdf\/DGALN_nord.pdf<\/a><\/p>\n<h2 style=\"text-align: center;\"><em><span style=\"font-size: 16px; font-family: verdana, geneva, sans-serif;\">Parcours de randonn\u00e9e<\/span><\/em><\/h2>\n<p><a href=\"http:\/\/christophedubois.fr\/WordPress\/wp-content\/uploads\/2015\/11\/rando-wavrans.png\"><img loading=\"lazy\" decoding=\"async\" class=\" wp-image-417 aligncenter\" src=\"http:\/\/christophedubois.fr\/WordPress\/wp-content\/uploads\/2015\/11\/rando-wavrans.png\" alt=\"rando wavrans\" width=\"513\" height=\"877\" \/><\/a><\/p>\n<p style=\"text-align: center;\"><a href=\"http:\/\/www.parc-opale.fr\/bibliotheque\/GUIDE_RANDO_2009.pdf\" target=\"_blank\">Cliquez ici pour consulter le Guide des randonn\u00e9es du parc naturel<\/a><\/p>\n<p><script>\/\/ <![CDATA[\n(function(i,s,o,g,r,a,m){i['GoogleAnalyticsObject']=r;i[r]=i[r]||function(){ (i[r].q=i[r].q||[]).push(arguments)},i[r].l=1*new Date();a=s.createElement(o), m=s.getElementsByTagName(o)[0];a.async=1;a.src=g;m.parentNode.insertBefore(a,m) })(window,document,'script','\/\/www.google-analytics.com\/analytics.js','ga'); ga('create', 'UA-67531472-1', 'auto'); ga('send', 'pageview');\n\/\/ ]]><\/script><\/p>\n","protected":false},"excerpt":{"rendered":"<p>Au d\u00e9part du G\u00eete, vous pourrez d\u00e9couvrir la r\u00e9serve naturelle de Wavrans sur l&rsquo;Aa et ses sentiers de randonn\u00e9es dont un parcours tout public avec des\u00a0am\u00e9nagements pour les personnes \u00e0 mobilit\u00e9 r\u00e9duite et d\u00e9ficiente visuelle . Le d\u00e9crets portant cr\u00e9ation de\u00a0la\u00a0r\u00e9serve naturelles nationale \u00ab la grotte et les pelouses d\u2019Acquin-Westb\u00e9court et les coteaux de Wavrans [&hellip;]<\/p>\n","protected":false},"author":1,"featured_media":0,"parent":0,"menu_order":0,"comment_status":"closed","ping_status":"open","template":"","meta":{"footnotes":""},"class_list":["post-153","page","type-page","status-publish","hentry","entry"],"_links":{"self":[{"href":"https:\/\/gitelabellevue.fr\/index.php?rest_route=\/wp\/v2\/pages\/153","targetHints":{"allow":["GET"]}}],"collection":[{"href":"https:\/\/gitelabellevue.fr\/index.php?rest_route=\/wp\/v2\/pages"}],"about":[{"href":"https:\/\/gitelabellevue.fr\/index.php?rest_route=\/wp\/v2\/types\/page"}],"author":[{"embeddable":true,"href":"https:\/\/gitelabellevue.fr\/index.php?rest_route=\/wp\/v2\/users\/1"}],"replies":[{"embeddable":true,"href":"https:\/\/gitelabellevue.fr\/index.php?rest_route=%2Fwp%2Fv2%2Fcomments&post=153"}],"version-history":[{"count":8,"href":"https:\/\/gitelabellevue.fr\/index.php?rest_route=\/wp\/v2\/pages\/153\/revisions"}],"predecessor-version":[{"id":418,"href":"https:\/\/gitelabellevue.fr\/index.php?rest_route=\/wp\/v2\/pages\/153\/revisions\/418"}],"wp:attachment":[{"href":"https:\/\/gitelabellevue.fr\/index.php?rest_route=%2Fwp%2Fv2%2Fmedia&parent=153"}],"curies":[{"name":"wp","href":"https:\/\/api.w.org\/{rel}","templated":true}]}}