{"id":115,"date":"2015-03-01T13:14:36","date_gmt":"2015-03-01T13:14:36","guid":{"rendered":"http:\/\/christophedubois.fr\/WordPress\/?page_id=115"},"modified":"2023-08-05T16:07:51","modified_gmt":"2023-08-05T16:07:51","slug":"reservation","status":"publish","type":"page","link":"https:\/\/gitelabellevue.fr\/?page_id=115","title":{"rendered":"Demander une r\u00e9servation"},"content":{"rendered":"<h4 style=\"text-align: center;\">Pour faire une demande de r\u00e9servation\u00a0 vous pouvez nous contacter :<\/h4>\n<h4 style=\"text-align: center;\">&#8211; Soit\u00a0 par courriel : gite.labellevue.62@gmail.com :<\/h4>\n<h5 style=\"text-align: center;\">Pr\u00e9ciser votre nom, pr\u00e9nom, votre adresse postale, vos dates d&rsquo;arriv\u00e9e et de d\u00e9part, le nombre d&rsquo;occupants du g\u00eete (adultes, enfant de 2 \u00e0 15 ans, et enfants de moins de 2 ans).<\/h5>\n<h5 style=\"text-align: center;\">Un contrat vous sera envoy\u00e9 par courriel dans les plus bref d\u00e9lais.<\/h5>\n<h4 style=\"text-align: center;\">&#8211; soit par t\u00e9l\u00e9phone au 06 47 87 18 25<\/h4>\n<h4 style=\"text-align: center;\">&#8211; soit en\u00a0 compl\u00e9tant le formulaire suivant\u00a0 :<\/h4>\n<p>&nbsp;<\/p>\n\n<div class=\"wpcf7 no-js\" id=\"wpcf7-f350-o1\" lang=\"fr-FR\" dir=\"ltr\" data-wpcf7-id=\"350\">\n<div class=\"screen-reader-response\"><p role=\"status\" aria-live=\"polite\" aria-atomic=\"true\"><\/p> <ul><\/ul><\/div>\n<form action=\"\/index.php?rest_route=%2Fwp%2Fv2%2Fpages%2F115#wpcf7-f350-o1\" method=\"post\" class=\"wpcf7-form init\" aria-label=\"Formulaire de contact\" novalidate=\"novalidate\" data-status=\"init\">\n<fieldset class=\"hidden-fields-container\"><input type=\"hidden\" name=\"_wpcf7\" value=\"350\" \/><input type=\"hidden\" name=\"_wpcf7_version\" value=\"6.1.2\" \/><input type=\"hidden\" name=\"_wpcf7_locale\" value=\"fr_FR\" \/><input type=\"hidden\" name=\"_wpcf7_unit_tag\" value=\"wpcf7-f350-o1\" \/><input type=\"hidden\" name=\"_wpcf7_container_post\" value=\"0\" \/><input type=\"hidden\" name=\"_wpcf7_posted_data_hash\" value=\"\" \/><input type=\"hidden\" name=\"_wpcf7_recaptcha_response\" value=\"\" \/>\n<\/fieldset>\n<p>Votre nom (obligatoire)\n<\/p>\n<p><span class=\"wpcf7-form-control-wrap\" data-name=\"your-name\"><input size=\"40\" maxlength=\"400\" class=\"wpcf7-form-control wpcf7-text wpcf7-validates-as-required\" aria-required=\"true\" aria-invalid=\"false\" value=\"\" type=\"text\" name=\"your-name\" \/><\/span>\n<\/p>\n<p>Votre pr\u00e8nom (obligatoire)\n<\/p>\n<p><span class=\"wpcf7-form-control-wrap\" data-name=\"text-881\"><input size=\"40\" maxlength=\"400\" class=\"wpcf7-form-control wpcf7-text wpcf7-validates-as-required\" id=\"preno\" aria-required=\"true\" aria-invalid=\"false\" value=\"\" type=\"text\" name=\"text-881\" \/><\/span>\n<\/p>\n<p>Votre email (obligatoire)\n<\/p>\n<p><span class=\"wpcf7-form-control-wrap\" data-name=\"your-email\"><input size=\"40\" maxlength=\"400\" class=\"wpcf7-form-control wpcf7-email wpcf7-validates-as-required wpcf7-text wpcf7-validates-as-email\" aria-required=\"true\" aria-invalid=\"false\" value=\"\" type=\"email\" name=\"your-email\" \/><\/span>\n<\/p>\n<p>votre t\u00e9l\u00e9phone (obligatoire)\n<\/p>\n<p><span class=\"wpcf7-form-control-wrap\" data-name=\"tel\"><input size=\"40\" maxlength=\"400\" class=\"wpcf7-form-control wpcf7-tel wpcf7-validates-as-required wpcf7-text wpcf7-validates-as-tel\" id=\"tel\" aria-required=\"true\" aria-invalid=\"false\" value=\"\" type=\"tel\" name=\"tel\" \/><\/span>\n<\/p>\n<p>Votre adresse postale : N\u00b0\/voie\/code postal\/ville (obligatoire)\n<\/p>\n<p><span class=\"wpcf7-form-control-wrap\" data-name=\"textarea-528\"><textarea cols=\"40\" rows=\"10\" maxlength=\"2000\" class=\"wpcf7-form-control wpcf7-textarea wpcf7-validates-as-required\" aria-required=\"true\" aria-invalid=\"false\" name=\"textarea-528\"><\/textarea><\/span>\n<\/p>\n<p>Nombre de personnes(capacit\u00e9 maximum : 8 ):\n<\/p>\n<p>Adulte : <span class=\"wpcf7-form-control-wrap\" data-name=\"number-232\"><input class=\"wpcf7-form-control wpcf7-number wpcf7-validates-as-required wpcf7-validates-as-number\" id=\"nbre5\" min=\"1\" max=\"8\" aria-required=\"true\" aria-invalid=\"false\" value=\"\" type=\"number\" name=\"number-232\" \/><\/span><br \/>\nEnfant :<span class=\"wpcf7-form-control-wrap\" data-name=\"number-932\"><input class=\"wpcf7-form-control wpcf7-number wpcf7-validates-as-required wpcf7-validates-as-number\" min=\"0\" max=\"7\" aria-required=\"true\" aria-invalid=\"false\" value=\"\" type=\"number\" name=\"number-932\" \/><\/span>\n<\/p>\n<p>r\u00e9servation pour 2 nuit\u00e9es minimum\n<\/p>\n<p>Votre date d'arriv\u00e9e\n<\/p>\n<p><span class=\"wpcf7-form-control-wrap\" data-name=\"date-567\"><input class=\"wpcf7-form-control wpcf7-date wpcf7-validates-as-date\" aria-invalid=\"false\" value=\"\" type=\"date\" name=\"date-567\" \/><\/span>\n<\/p>\n<p>Votre date de d\u00e9part\n<\/p>\n<p><span class=\"wpcf7-form-control-wrap\" data-name=\"date-568\"><input class=\"wpcf7-form-control wpcf7-date wpcf7-validates-as-date\" aria-invalid=\"false\" value=\"\" type=\"date\" name=\"date-568\" \/><\/span>\n<\/p>\n<p>Merci! vous pouvez maintenant nous transmettre votre demande en cliquant sur le bouton \"envoyer\" ci-dessous :\n<\/p>\n<p><input class=\"wpcf7-form-control wpcf7-submit has-spinner\" type=\"submit\" value=\"Envoyer\" \/>\n<\/p><div class=\"wpcf7-response-output\" aria-hidden=\"true\"><\/div>\n<\/form>\n<\/div>\n\n<p><script>\/\/ <![CDATA[ (function(i,s,o,g,r,a,m){i['GoogleAnalyticsObject']=r;i[r]=i[r]||function(){ (i[r].q=i[r].q||[]).push(arguments)},i[r].l=1*new Date();a=s.createElement(o), m=s.getElementsByTagName(o)[0];a.async=1;a.src=g;m.parentNode.insertBefore(a,m) })(window,document,'script','\/\/www.google-analytics.com\/analytics.js','ga'); ga('create', 'UA-67531472-1', 'auto'); ga('send', 'pageview'); \/\/ ]]><\/script><\/p>\n","protected":false},"excerpt":{"rendered":"<p>Pour faire une demande de r\u00e9servation\u00a0 vous pouvez nous contacter : &#8211; Soit\u00a0 par courriel : gite.labellevue.62@gmail.com : Pr\u00e9ciser votre nom, pr\u00e9nom, votre adresse postale, vos dates d&rsquo;arriv\u00e9e et de d\u00e9part, le nombre d&rsquo;occupants du g\u00eete (adultes, enfant de 2 \u00e0 15 ans, et enfants de moins de 2 ans). Un contrat vous sera envoy\u00e9 [&hellip;]<\/p>\n","protected":false},"author":1,"featured_media":0,"parent":0,"menu_order":0,"comment_status":"closed","ping_status":"closed","template":"","meta":{"footnotes":""},"class_list":["post-115","page","type-page","status-publish","hentry","entry"],"_links":{"self":[{"href":"https:\/\/gitelabellevue.fr\/index.php?rest_route=\/wp\/v2\/pages\/115","targetHints":{"allow":["GET"]}}],"collection":[{"href":"https:\/\/gitelabellevue.fr\/index.php?rest_route=\/wp\/v2\/pages"}],"about":[{"href":"https:\/\/gitelabellevue.fr\/index.php?rest_route=\/wp\/v2\/types\/page"}],"author":[{"embeddable":true,"href":"https:\/\/gitelabellevue.fr\/index.php?rest_route=\/wp\/v2\/users\/1"}],"replies":[{"embeddable":true,"href":"https:\/\/gitelabellevue.fr\/index.php?rest_route=%2Fwp%2Fv2%2Fcomments&post=115"}],"version-history":[{"count":15,"href":"https:\/\/gitelabellevue.fr\/index.php?rest_route=\/wp\/v2\/pages\/115\/revisions"}],"predecessor-version":[{"id":746,"href":"https:\/\/gitelabellevue.fr\/index.php?rest_route=\/wp\/v2\/pages\/115\/revisions\/746"}],"wp:attachment":[{"href":"https:\/\/gitelabellevue.fr\/index.php?rest_route=%2Fwp%2Fv2%2Fmedia&parent=115"}],"curies":[{"name":"wp","href":"https:\/\/api.w.org\/{rel}","templated":true}]}}